{"id":95,"date":"2024-04-01T18:43:10","date_gmt":"2024-04-01T16:43:10","guid":{"rendered":"https:\/\/www.merlinispirits.it\/?page_id=95"},"modified":"2024-04-01T22:29:41","modified_gmt":"2024-04-01T20:29:41","slug":"prodotti","status":"publish","type":"page","link":"https:\/\/www.merlinispirits.it\/?page_id=95","title":{"rendered":"Prodotti"},"content":{"rendered":"<div class=\"wp-block-image is-style-rounded\">\n<figure class=\"alignleft size-thumbnail\"><img loading=\"lazy\" decoding=\"async\" width=\"150\" height=\"150\" src=\"https:\/\/www.merlinispirits.it\/wp-content\/uploads\/2024\/04\/amaro2-150x150.jpg\" alt=\"\" class=\"wp-image-115\"\/><\/figure><\/div>\n\n\n<p><strong>Amaro Merlini<\/strong><\/p>\n\n\n\n<p>Con una gradazione alcolica del 30% e presentato in una raffinata bottiglia da 0,70 litro, l&#8217;Amaro Merlini incarna la perfetta armonia tra tradizione e innovazione. Il suo sapore, intensamente amaro ma equilibrato, si fonde con note fresche e agrumate, che&nbsp;avvolgono&nbsp;il palato con una morbidezza unica. La sua complessit\u00e0 lo rende un liquore versatile, ideale sia a temperatura ambiente che servito fresco, capace di arricchire e innovare la tradizione dei cocktail, dalla reinterpretazione del classico Negroni a creazioni pi\u00f9 moderne e audaci.&nbsp;Creato con un&#8217;attenta selezione di erbe e spezie, tra cui il caratteristico assenzio marino della Laguna di Grado, l&#8217;assenzio gentile e l&#8217;assenzio romano, insieme ad&nbsp;angelica,&nbsp;centaurea minore,&nbsp;salvia sclarea, e&nbsp;santoreggia, questo liquore amaro offre un&#8217;esperienza gustativa unica e inconfondibile. Ma \u00e8 nel silenzio di un dopocena, magari in contemplazione della natura o in compagnia di buona musica, che l&#8217;Amaro Merlini rivela il suo vero spirito:&nbsp;bevuto da solo, diventa una vera e propria esperienza di&nbsp;meditazione, un momento per concedersi una pausa di puro piacere e introspezione.&nbsp;Ogni sorso racconta la storia di una laguna incantevole, trasportando chi lo degusta in un mondo dove il tempo sembra rallentare, per lasciare spazio al gusto, all&#8217;aroma, e alle emozioni.<\/p>\n\n\n\n<p><\/p>\n\n\n<div class=\"wp-block-image is-style-rounded\">\n<figure class=\"alignleft size-full is-resized\"><img loading=\"lazy\" decoding=\"async\" width=\"1006\" height=\"1006\" src=\"https:\/\/www.merlinispirits.it\/wp-content\/uploads\/2024\/04\/316207952_129477923265490_3687669512990639596_n.jpg\" alt=\"\" class=\"wp-image-120\" style=\"object-fit:cover;width:150px;height:150px\" srcset=\"https:\/\/www.merlinispirits.it\/wp-content\/uploads\/2024\/04\/316207952_129477923265490_3687669512990639596_n.jpg 1006w, https:\/\/www.merlinispirits.it\/wp-content\/uploads\/2024\/04\/316207952_129477923265490_3687669512990639596_n-300x300.jpg 300w, https:\/\/www.merlinispirits.it\/wp-content\/uploads\/2024\/04\/316207952_129477923265490_3687669512990639596_n-150x150.jpg 150w, https:\/\/www.merlinispirits.it\/wp-content\/uploads\/2024\/04\/316207952_129477923265490_3687669512990639596_n-768x768.jpg 768w, https:\/\/www.merlinispirits.it\/wp-content\/uploads\/2024\/04\/316207952_129477923265490_3687669512990639596_n-100x100.jpg 100w\" sizes=\"(max-width: 767px) 89vw, (max-width: 1000px) 54vw, (max-width: 1071px) 543px, 580px\" \/><\/figure><\/div>\n\n\n<p><strong>Bitter Merlini<\/strong><\/p>\n\n\n\n<p>Lo dice il nome stesso: \u00e8 amaro, ma rende l\u2019ora dell\u2019aperitivo pi\u00f9 dolce!&nbsp;Questo liquore, creato a partire da una selezione meticolosa di erbe e spezie, tra cui l&#8217;assenzio, l&#8217;assenzio marino della Laguna di Grado, la china, il rabarbaro, il cardamomo, la radice di genziana, e l&#8217;angelica,&nbsp;dimostra&nbsp;una versatilit\u00e0 ineguagliabile: pu\u00f2 essere gustato liscio, per coloro che desiderano apprezzarne la purezza; shakerato, per chi cerca un&#8217;esperienza pi\u00f9 vivace; o utilizzato come base sofisticata per cocktail innovativi. Con una gradazione alcolica del 25% e presentato in una bottiglia da 0,70 litro dal design elegante e sofisticato, rappresenta una scelta d&#8217;eccellenza per gli intenditori.&nbsp;Il Bitter Merlini&nbsp;bilancia perfettamente la sua natura decisa con una freschezza agrumata e una morbidezza avvolgente&nbsp;e si&nbsp;propone come un&#8217;alternativa artigianale di alto livello rispetto alla produzione di massa, offrendo un&#8217;esperienza di degustazione unica e ricercata.&nbsp;Il suo colore rosso rubino, brillante e accattivante, prelude a un&#8217;esperienza olfattiva intensa, dominata da aromi di erbe officinali che invadono i sensi. Al palato, si presenta caldo e avvolgente, svelando una ricchezza aromatica che sfocia in un finale armonioso e persistentemente amaricante. Il Bitter Merlini non \u00e8 quindi solo un liquore, ma un invito a riscoprire l&#8217;arte dell&#8217;aperitivo, un momento per rallentare e assaporare la bellezza dell&#8217;attesa, rendendo ogni sorso un preludio alle emozioni della serata.<\/p>\n\n\n\n<p><\/p>\n\n\n<div class=\"wp-block-image is-style-rounded\">\n<figure class=\"alignleft size-full is-resized\"><img loading=\"lazy\" decoding=\"async\" width=\"720\" height=\"960\" src=\"https:\/\/www.merlinispirits.it\/wp-content\/uploads\/2024\/04\/90608681_10157315924956173_6164562239211700224_n.jpg\" alt=\"\" class=\"wp-image-124\" style=\"object-fit:cover;width:150px;height:150px\" srcset=\"https:\/\/www.merlinispirits.it\/wp-content\/uploads\/2024\/04\/90608681_10157315924956173_6164562239211700224_n.jpg 720w, https:\/\/www.merlinispirits.it\/wp-content\/uploads\/2024\/04\/90608681_10157315924956173_6164562239211700224_n-225x300.jpg 225w\" sizes=\"(max-width: 720px) 100vw, 720px\" \/><\/figure><\/div>\n\n\n<p><strong>Santonego<\/strong><\/p>\n\n\n\n<p>Santonego \u00e8 un prodotto ottenuto dalla sapiente unione di una particolare selezione di grappa della migliore qualit\u00e0 a gradazione alcolica di 38\u00b0 con infusione di erbe aromatiche dove l\u2019assenzio marino ne diventa l\u2019indiscutibile protagonista.<br>L\u2019elisir ottenuto viene poi accuratamente filtrato per conferire al prodotto il colore verde inconfondibile di Santonego e quella sua straordinaria ed esclusiva limpidezza. Eccellente dopo pasto, gode di propriet\u00e0 amaro-toniche, esprime la sua versatilit\u00e0 nelle pi\u00f9 svariate modalit\u00e0 di consumo assicurando un sicuro appagamento gi\u00e0 nel degustarlo liscio o ghiacciato.<br>All\u2019assaggio risulta secco e avvolgente, equilibrato e lungamente persistente; tipico e gradevole il finale amaricante. Sia il gusto che il brillante color verde Cezanne, diventano compagni inseparabili di long-drinks e cocktails; armoniosi anche in aggiunta a sorbetti ed esaltanti in abbinamento a dolci e cioccolato. Infine la presenza all\u2019interno della confezione di un originale rametto delle piante raccolte fa di Santonego un impareggiabile bottiglia da collezione nonch\u00e9 un curioso e singolare oggetto da regalo.<br>Santonego, l&#8217;elisir inebriante e da meditazione\u2026<\/p>\n","protected":false},"excerpt":{"rendered":"<p>Amaro Merlini Con una gradazione alcolica del 30% e presentato in una raffinata bottiglia da 0,70 litro, l&#8217;Amaro Merlini incarna la perfetta armonia tra tradizione e innovazione. Il suo sapore, intensamente amaro ma equilibrato, si fonde con note fresche e agrumate, che&nbsp;avvolgono&nbsp;il palato con una morbidezza unica. La sua complessit\u00e0 lo rende un liquore versatile, &hellip; <\/p>\n<p class=\"link-more\"><a href=\"https:\/\/www.merlinispirits.it\/?page_id=95\" class=\"more-link\">Leggi tutto<span class=\"screen-reader-text\"> &#8220;Prodotti&#8221;<\/span><\/a><\/p>\n","protected":false},"author":1,"featured_media":0,"parent":0,"menu_order":0,"comment_status":"closed","ping_status":"closed","template":"","meta":{"om_disable_all_campaigns":false,"_monsterinsights_skip_tracking":false,"_monsterinsights_sitenote_active":false,"_monsterinsights_sitenote_note":"","_monsterinsights_sitenote_category":0,"footnotes":""},"aioseo_notices":[],"_links":{"self":[{"href":"https:\/\/www.merlinispirits.it\/index.php?rest_route=\/wp\/v2\/pages\/95"}],"collection":[{"href":"https:\/\/www.merlinispirits.it\/index.php?rest_route=\/wp\/v2\/pages"}],"about":[{"href":"https:\/\/www.merlinispirits.it\/index.php?rest_route=\/wp\/v2\/types\/page"}],"author":[{"embeddable":true,"href":"https:\/\/www.merlinispirits.it\/index.php?rest_route=\/wp\/v2\/users\/1"}],"replies":[{"embeddable":true,"href":"https:\/\/www.merlinispirits.it\/index.php?rest_route=%2Fwp%2Fv2%2Fcomments&post=95"}],"version-history":[{"count":10,"href":"https:\/\/www.merlinispirits.it\/index.php?rest_route=\/wp\/v2\/pages\/95\/revisions"}],"predecessor-version":[{"id":151,"href":"https:\/\/www.merlinispirits.it\/index.php?rest_route=\/wp\/v2\/pages\/95\/revisions\/151"}],"wp:attachment":[{"href":"https:\/\/www.merlinispirits.it\/index.php?rest_route=%2Fwp%2Fv2%2Fmedia&parent=95"}],"curies":[{"name":"wp","href":"https:\/\/api.w.org\/{rel}","templated":true}]}}